{"id":1941,"date":"2025-04-05T22:24:31","date_gmt":"2025-04-05T22:24:31","guid":{"rendered":"https:\/\/vietnamese-in-kentucky.org\/home-2\/"},"modified":"2025-05-29T01:55:23","modified_gmt":"2025-05-29T01:55:23","slug":"home","status":"publish","type":"page","link":"https:\/\/vietnamese-in-kentucky.org\/vi\/","title":{"rendered":"Trang Nh\u00e0"},"content":{"rendered":"<div class=\"wp-block-uagb-container uagb-block-be0c8bf9 alignfull uagb-is-root-container\"><div class=\"uagb-container-inner-blocks-wrap\">\n<div class=\"wp-block-uagb-container uagb-block-d901e115 alignfull uagb-is-root-container\"><div class=\"uagb-container-inner-blocks-wrap\">\n<div class=\"wp-block-uagb-container uagb-block-ad976e81\">\n<div class=\"wp-block-uagb-advanced-heading uagb-block-767ab687\"><h1 class=\"uagb-heading-text\">Ng\u01b0\u1eddi Vi\u1ec7t \u1edf Kentucky <\/h1><p class=\"uagb-desc-text\">50 N\u0103m \u0110\u1ea7u Ti\u00ean<\/p><\/div>\n\n\n\n<div class=\"wp-block-uagb-advanced-heading uagb-block-5adb5fa8 wp-block-heading\"><h3 class=\"uagb-heading-text\">M\u1ed9t D\u1ef1 \u00c1n S\u00e1ch c\u1ee7a C\u1ed9ng \u0110\u1ed3ng Ng\u01b0\u1eddi Vi\u1ec7t t\u1ea1i Louisville v\u00e0 Ti\u1ebfng N\u00f3i L\u01b0u Vong<\/h3><\/div>\n<\/div>\n<\/div><\/div>\n\n\n\n<div class=\"wp-block-uagb-container uagb-block-5a2fd71a alignfull uagb-is-root-container\"><div class=\"uagb-container-inner-blocks-wrap\">\n<div class=\"wp-block-uagb-container uagb-block-4f131f93\">\n<div class=\"wp-block-uagb-info-box uagb-block-504600a5 uagb-infobox__content-wrap  uagb-infobox-icon-above-title uagb-infobox-image-valign-top\"><div class=\"uagb-ifb-content\"><div class=\"uagb-ifb-title-wrap\"><h1 class=\"uagb-ifb-title\"><strong>B\u1ea3o T\u1ed3n L\u1ecbch S\u1eed<\/strong><\/h1><\/div><p class=\"uagb-ifb-desc\">D\u1ef1 \u00e1n s\u00e1ch n\u00e0y nh\u1eb1m b\u1ea3o t\u1ed3n l\u1ecbch s\u1eed phong ph\u00fa c\u1ee7a c\u1ed9ng \u0111\u1ed3ng ng\u01b0\u1eddi Vi\u1ec7t t\u1ea1i Kentucky b\u1eb1ng c\u00e1ch ghi ch\u00e9p l\u1ea1i nh\u1eefng kinh nghi\u1ec7m s\u1ed1ng c\u1ee7a nh\u1eefng ng\u01b0\u1eddi Vi\u1ec7t \u0111\u1ebfn \u0111\u1ecbnh c\u01b0 t\u1ea1i ti\u1ec3u bang n\u00e0y trong n\u1eeda th\u1ebf k\u1ef7 \u0111\u1ea7u ti\u00ean sau khi S\u00e0i G\u00f2n th\u1ea5t th\u1ee7 ng\u00e0y 30 th\u00e1ng 4 n\u0103m 1975.<\/p><\/div><\/div>\n<\/div>\n\n\n\n<div class=\"wp-block-stackable-image stk-block-image has-text-align-center-tablet stk-block stk-c5cc91d\" data-block-id=\"c5cc91d\"><style>.stk-c5cc91d {margin-top:20px !important;margin-bottom:20px !important;}.stk-c5cc91d .stk-img-wrapper{width:53% !important;}.stk-c5cc91d .stk-img-wrapper img{object-position:51% 44% !important;}@media screen and (max-width:999px){.stk-c5cc91d {margin-top:0px !important;margin-bottom:20px !important;}.stk-c5cc91d .stk-img-wrapper{width:67% !important;}}@media screen and (max-width:689px){.stk-c5cc91d {margin-top:20px !important;margin-bottom:30px !important;}.stk-c5cc91d .stk-img-wrapper{width:64% !important;}}<\/style><figure><span class=\"stk-img-wrapper stk-image--shape-stretch\"><img loading=\"lazy\" decoding=\"async\" class=\"stk-img wp-image-2645\" src=\"https:\/\/vietnamese-in-kentucky.org\/wp-content\/uploads\/2025\/04\/louisville-vietnamese-logo-800.webp\" width=\"800\" height=\"728\" alt=\"Vietnamese Community of Louisville  Logo \" srcset=\"https:\/\/vietnamese-in-kentucky.org\/wp-content\/uploads\/2025\/04\/louisville-vietnamese-logo-800.webp 800w, https:\/\/vietnamese-in-kentucky.org\/wp-content\/uploads\/2025\/04\/louisville-vietnamese-logo-800-300x273.webp 300w, https:\/\/vietnamese-in-kentucky.org\/wp-content\/uploads\/2025\/04\/louisville-vietnamese-logo-800-768x699.webp 768w, https:\/\/vietnamese-in-kentucky.org\/wp-content\/uploads\/2025\/04\/louisville-vietnamese-logo-800-13x12.webp 13w\" sizes=\"auto, (max-width: 800px) 100vw, 800px\" \/><\/span><\/figure><\/div>\n<\/div><\/div>\n<\/div><\/div>\n\n\n\n<div class=\"wp-block-uagb-container uagb-block-eb678d34 alignfull uagb-is-root-container\"><div class=\"uagb-container-inner-blocks-wrap\">\n<div class=\"wp-block-stackable-image stk-block-image stk-block stk-5dede0c\" data-block-id=\"5dede0c\"><figure><span class=\"stk-img-wrapper stk-image--shape-stretch\"><img loading=\"lazy\" decoding=\"async\" class=\"stk-img wp-image-2649\" src=\"https:\/\/vietnamese-in-kentucky.org\/wp-content\/uploads\/2025\/04\/man-writing.webp\" width=\"1280\" height=\"854\" alt=\"Person writing\" srcset=\"https:\/\/vietnamese-in-kentucky.org\/wp-content\/uploads\/2025\/04\/man-writing.webp 1280w, https:\/\/vietnamese-in-kentucky.org\/wp-content\/uploads\/2025\/04\/man-writing-300x200.webp 300w, https:\/\/vietnamese-in-kentucky.org\/wp-content\/uploads\/2025\/04\/man-writing-1024x683.webp 1024w, https:\/\/vietnamese-in-kentucky.org\/wp-content\/uploads\/2025\/04\/man-writing-768x512.webp 768w, https:\/\/vietnamese-in-kentucky.org\/wp-content\/uploads\/2025\/04\/man-writing-18x12.webp 18w\" sizes=\"auto, (max-width: 1280px) 100vw, 1280px\" \/><\/span><\/figure><\/div>\n\n\n\n<div class=\"wp-block-uagb-container uagb-block-e7718b81\">\n<div class=\"wp-block-uagb-info-box uagb-block-fd6444e7 uagb-infobox__content-wrap  uagb-infobox-icon-above-title uagb-infobox-image-valign-top\"><div class=\"uagb-ifb-content\"><div class=\"uagb-ifb-title-wrap\"><h2 class=\"uagb-ifb-title\">Ghi L\u1ea1i Qu\u00e1 Kh\u1ee9<\/h2><\/div><p class=\"uagb-ifb-desc\">Th\u00e0nh qu\u1ea3 cu\u1ed1i c\u00f9ng c\u1ee7a d\u1ef1 \u00e1n n\u00e0y s\u1ebd l\u00e0 m\u1ed9t cu\u1ed1n s\u00e1ch v\u1edbi nhi\u1ec1u c\u00e2u chuy\u1ec7n c\u00e1 nh\u00e2n. M\u1ed7i c\u00e2u chuy\u1ec7n s\u1ebd l\u00e0 m\u1ed9t ch\u01b0\u01a1ng s\u00e1ch \u0111\u1ed9c l\u1eadp, n\u00f3i v\u1ec1 cu\u1ed9c \u0111\u1eddi c\u1ee7a m\u1ed9t ng\u01b0\u1eddi t\u1ecb n\u1ea1n, di d\u00e2n, gia \u0111\u00ecnh, ho\u1eb7c t\u1ed5 ch\u1ee9c ng\u01b0\u1eddi Vi\u1ec7t, k\u1ec3 l\u1ea1i h\u00e0nh tr\u00ecnh t\u1eeb Vi\u1ec7t Nam \u0111\u1ebfn Kentucky v\u00e0 s\u1ef1 g\u00f3p m\u1eb7t c\u1ee7a h\u1ecd sau \u0111\u00f3 v\u00e0o sinh ho\u1ea1t n\u0103ng \u0111\u1ed9ng c\u1ee7a ti\u1ec3u bang n\u00e0y.<br><br>M\u1ed7i tu\u1ea7n, ch\u00fang t\u00f4i s\u1ebd \u0111\u0103ng m\u1ed9t b\u00e0i m\u1edbi l\u00ean m\u1ea1ng \u0111\u1ec3 thu h\u00fat \u0111\u00f4ng \u0111\u1ea3o \u0111\u1ed9c gi\u1ea3. Khi t\u1ea5t c\u1ea3 c\u00e1c ch\u01b0\u01a1ng s\u00e1ch \u0111\u00e3 \u0111\u01b0\u1ee3c \u0111\u0103ng t\u1ea3i, ch\u00fang t\u00f4i s\u1ebd t\u1eadp h\u1ee3p c\u00e1c c\u00e2u chuy\u1ec7n l\u1ea1i th\u00e0nh m\u1ed9t cu\u1ed1n s\u00e1ch \u0111\u1ec3 xu\u1ea5t b\u1ea3n.<\/p><\/div><\/div>\n<\/div>\n<\/div><\/div>\n\n\n\n<div class=\"wp-block-uagb-container uagb-block-1c2d7b0c alignfull uagb-is-root-container\"><div class=\"uagb-container-inner-blocks-wrap\">\n<div class=\"wp-block-uagb-container uagb-block-f032f410\">\n<div class=\"wp-block-uagb-info-box uagb-block-3bebc253 uagb-infobox__content-wrap  uagb-infobox-icon-above-title uagb-infobox-image-valign-top\"><div class=\"uagb-ifb-content\"><div class=\"uagb-ifb-title-wrap\"><h2 class=\"uagb-ifb-title\">Di S\u1ea3n v\u00e0 Truy\u1ec1n Th\u1ed1ng<\/h2><\/div><p class=\"uagb-ifb-desc\">T\u00e0i li\u1ec7u n\u00e0y s\u1ebd l\u00e0 m\u1ed9t nh\u1ecbp c\u1ea7u n\u1ed1i gi\u1eefa con ch\u00e1u g\u1ed1c Vi\u1ec7t Nam trong t\u01b0\u01a1ng lai v\u1edbi di s\u1ea3n c\u1ee7a t\u1ed5 ti\u00ean m\u00ecnh, gi\u00fap ch\u00fang hi\u1ec3u bi\u1ebft nhi\u1ec1u h\u01a1n v\u1ec1 truy\u1ec1n th\u1ed1ng v\u00e0 ngh\u1ecb l\u1ef1c c\u1ee7a c\u00e1c th\u1ebf h\u1ec7 \u0111i tr\u01b0\u1edbc. Cu\u1ed1n s\u00e1ch n\u00e0y c\u0169ng s\u1ebd gi\u00fap \u0111\u1ed9c gi\u1ea3 thu\u1ed9c c\u00e1c d\u00e2n t\u1ed9c kh\u00e1c th\u00f4ng c\u1ea3m nhi\u1ec1u h\u01a1n v\u1ec1 cu\u1ed9c s\u1ed1ng v\u00e0 v\u0103n h\u00f3a c\u1ee7a nh\u1eefng l\u00e0n s\u00f3ng ng\u01b0\u1eddi Vi\u1ec7t \u0111\u1ea7u ti\u00ean \u0111\u1ebfn \u0111\u1ecbnh c\u01b0 t\u1ea1i Kentucky.<\/p><\/div><\/div>\n<\/div>\n\n\n\n<div class=\"wp-block-stackable-image stk-block-image stk-block stk-0c3fd88\" data-block-id=\"0c3fd88\"><figure><span class=\"stk-img-wrapper stk-image--shape-stretch\"><img loading=\"lazy\" decoding=\"async\" class=\"stk-img wp-image-2649\" src=\"https:\/\/vietnamese-in-kentucky.org\/wp-content\/uploads\/2025\/04\/man-writing.webp\" width=\"1280\" height=\"854\" alt=\"Person writing\" srcset=\"https:\/\/vietnamese-in-kentucky.org\/wp-content\/uploads\/2025\/04\/man-writing.webp 1280w, https:\/\/vietnamese-in-kentucky.org\/wp-content\/uploads\/2025\/04\/man-writing-300x200.webp 300w, https:\/\/vietnamese-in-kentucky.org\/wp-content\/uploads\/2025\/04\/man-writing-1024x683.webp 1024w, https:\/\/vietnamese-in-kentucky.org\/wp-content\/uploads\/2025\/04\/man-writing-768x512.webp 768w, https:\/\/vietnamese-in-kentucky.org\/wp-content\/uploads\/2025\/04\/man-writing-18x12.webp 18w\" sizes=\"auto, (max-width: 1280px) 100vw, 1280px\" \/><\/span><\/figure><\/div>\n<\/div><\/div>\n\n\n\n<div class=\"wp-block-uagb-container uagb-block-f641c899 alignfull uagb-is-root-container\"><div class=\"uagb-container-inner-blocks-wrap\">\n<div class=\"wp-block-uagb-container uagb-block-ea48b6e2\">\n<div class=\"wp-block-uagb-info-box uagb-block-f1e3471b uagb-infobox__content-wrap  uagb-infobox-icon-above-title uagb-infobox-image-valign-top\"><div class=\"uagb-ifb-content\"><div class=\"uagb-ifb-title-wrap\"><h2 class=\"uagb-ifb-title\">Ai C\u00f3 Th\u1ec3 G\u00f3p B\u00e0i? <\/h2><\/div><p class=\"uagb-ifb-desc\">M\u1ecdi ng\u01b0\u1eddi, b\u1ea5t k\u1ec3 tu\u1ed5i t\u00e1c ho\u1eb7c xu\u1ea5t th\u00e2n, \u0111\u1ec1u c\u00f3 th\u1ec3 \u0111\u00f3ng g\u00f3p b\u00e0i cho cu\u1ed1n s\u00e1ch, mi\u1ec5n l\u00e0 n\u1ed9i dung ph\u00f9 h\u1ee3p v\u1edbi nh\u1eefng m\u1ee5c \u0111\u00edch n\u00eau tr\u00ean.<br><br>C\u00e1c c\u00e2u chuy\u1ec7n c\u00f3 th\u1ec3 \u0111u\u1ee3c g\u1eedi b\u1eb1ng ti\u1ebfng Anh, ti\u1ebfng Vi\u1ec7t, ho\u1eb7c c\u1ea3 hai. M\u1ed9t nh\u00f3m thi\u1ec7n nguy\u1ec7n vi\u00ean s\u1ebd ph\u1ee5 tr\u00e1ch vi\u1ec7c ch\u1ec9nh s\u1eeda v\u00e0 d\u1ecbch thu\u1eadt c\u1ea7n thi\u1ebft \u0111\u1ec3 m\u1ecdi ch\u01b0\u01a1ng s\u00e1ch \u0111\u01b0\u1ee3c \u1ea5n h\u00e0nh b\u1eb1ng c\u1ea3 hai ng\u00f4n ng\u1eef.<br><\/p><\/div><\/div>\n<\/div>\n\n\n\n<div class=\"wp-block-uagb-container uagb-block-3815151b\">\n<div class=\"wp-block-uagb-info-box uagb-block-71b4e202 uagb-infobox__content-wrap  uagb-infobox-icon-above-title uagb-infobox-image-valign-top\"><div class=\"uagb-ifb-content\"><div class=\"uagb-ifb-title-wrap\"><h2 class=\"uagb-ifb-title\">H\u00ecnh Th\u1ee9c C\u00e2u Chuy\u1ec7n<\/h2><\/div><p class=\"uagb-ifb-desc\">M\u1ed7i c\u00e2u chuy\u1ec7n c\u00f3 th\u1ec3 \u0111u\u1ee3c k\u1ec3 d\u01b0\u1edbi h\u00ecnh th\u1ee9c m\u1ed9t b\u00e0i vi\u1ebft, b\u00e0i th\u01a1, b\u00e0i nh\u1ea1c, ph\u00f3ng s\u1ef1 h\u00ecnh \u1ea3nh, ho\u1eb7c m\u1ed9t k\u1ebft h\u1ee3p n\u00e0o \u0111\u00f3 c\u1ee7a nh\u1eefng d\u1ea1ng n\u00e0y. M\u1ed7i c\u00e2u chuy\u1ec7n c\u00f3 th\u1ec3 c\u00f3 nhi\u1ec1u ph\u1ea7n, nh\u01b0ng t\u1ea5t c\u1ea3 m\u1ecdi ph\u1ea7n s\u1ebd \u0111u\u1ee3c gom l\u1ea1i th\u00e0nh m\u1ed9t ch\u01b0\u01a1ng s\u00e1ch. \u0110\u1ec3 cu\u1ed1n s\u00e1ch c\u00f3 \u0111u\u1ee3c nhi\u1ec1u c\u00e2u chuy\u1ec7n, m\u1ed7i ch\u01b0\u01a1ng s\u00e1ch s\u1ebd \u0111u\u1ee3c gi\u1edbi h\u1ea1n kho\u1ea3ng 4.000 ch\u1eef.<br><\/p><\/div><\/div>\n<\/div>\n<\/div><\/div>","protected":false},"excerpt":{"rendered":"<p>Vietnamese in Kentucky The First 50 Years A Book Project by&nbsp;the Vietnamese Community of Louisville&nbsp;and&nbsp;Moving Voices<\/p>","protected":false},"author":1,"featured_media":0,"parent":0,"menu_order":0,"comment_status":"closed","ping_status":"closed","template":"","meta":{"_uag_custom_page_level_css":"","footnotes":""},"class_list":["post-1941","page","type-page","status-publish","hentry"],"blocksy_meta":{"content_style_source":"inherit","vertical_spacing_source":"custom","content_area_spacing":"none","styles_descriptor":{"styles":{"desktop":"","tablet":"","mobile":""},"google_fonts":[],"version":6}},"aioseo_notices":[],"uagb_featured_image_src":{"full":false,"thumbnail":false,"medium":false,"medium_large":false,"large":false,"1536x1536":false,"2048x2048":false,"trp-custom-language-flag":false},"uagb_author_info":{"display_name":"aprilfultz@gmail.com","author_link":"https:\/\/vietnamese-in-kentucky.org\/vi\/author\/aprilfultzgmail-com\/"},"uagb_comment_info":0,"uagb_excerpt":"Vietnamese in Kentucky The First 50 Years A Book Project by&nbsp;the Vietnamese Community of Louisville&nbsp;and&nbsp;Moving Voices","_links":{"self":[{"href":"https:\/\/vietnamese-in-kentucky.org\/vi\/wp-json\/wp\/v2\/pages\/1941","targetHints":{"allow":["GET"]}}],"collection":[{"href":"https:\/\/vietnamese-in-kentucky.org\/vi\/wp-json\/wp\/v2\/pages"}],"about":[{"href":"https:\/\/vietnamese-in-kentucky.org\/vi\/wp-json\/wp\/v2\/types\/page"}],"author":[{"embeddable":true,"href":"https:\/\/vietnamese-in-kentucky.org\/vi\/wp-json\/wp\/v2\/users\/1"}],"replies":[{"embeddable":true,"href":"https:\/\/vietnamese-in-kentucky.org\/vi\/wp-json\/wp\/v2\/comments?post=1941"}],"version-history":[{"count":165,"href":"https:\/\/vietnamese-in-kentucky.org\/vi\/wp-json\/wp\/v2\/pages\/1941\/revisions"}],"predecessor-version":[{"id":2740,"href":"https:\/\/vietnamese-in-kentucky.org\/vi\/wp-json\/wp\/v2\/pages\/1941\/revisions\/2740"}],"wp:attachment":[{"href":"https:\/\/vietnamese-in-kentucky.org\/vi\/wp-json\/wp\/v2\/media?parent=1941"}],"curies":[{"name":"wp","href":"https:\/\/api.w.org\/{rel}","templated":true}]}}