{"id":2257,"date":"2025-04-11T20:16:51","date_gmt":"2025-04-11T20:16:51","guid":{"rendered":"https:\/\/vietnamese-in-kentucky.org\/?page_id=2257"},"modified":"2025-05-29T02:10:51","modified_gmt":"2025-05-29T02:10:51","slug":"contribute","status":"publish","type":"page","link":"https:\/\/vietnamese-in-kentucky.org\/vi\/contribute\/","title":{"rendered":"G\u00f3p B\u00e0i"},"content":{"rendered":"<div class=\"wp-block-stackable-hero alignfull stk-block-hero stk-block stk-f291425 stk-block-background is-style-default stk--has-background-overlay\" data-v=\"2\" data-block-id=\"f291425\"><style>.stk-f291425-inner-blocks{align-items:center !important;}.stk-f291425 {background-color:#000000 !important;background-image:url(https:\/\/vietnamese-in-kentucky.org\/wp-content\/uploads\/2025\/04\/open-book-vietnamese-copy.webp) !important;background-attachment:fixed !important;margin-bottom:0px !important;}.stk-f291425:before{background-color:#000000 !important;opacity:0.7 !important;}.stk-f291425 .stk-block-hero__content{min-height:400px !important;align-items:center !important;display:flex !important;}@media screen and (max-width:999px){.stk-f291425 .stk-block-hero__content{min-height:250px !important;}}<\/style><div class=\"stk-block-hero__content stk-content-align stk-f291425-column alignfull stk-container stk-f291425-container stk--no-background stk--no-padding\"><div class=\"stk-block-content stk-inner-blocks has-text-align-center stk--column-flex stk-f291425-inner-blocks\">\n<div class=\"wp-block-stackable-heading stk-block-heading stk-block-heading--v2 stk-block stk-1380b9d\" id=\"contribute\" data-block-id=\"1380b9d\"><style>.stk-1380b9d .stk-block-heading__text{font-size:4em !important;color:var(--theme-palette-color-8, #ffffff) !important;}@media screen and (max-width:999px){.stk-1380b9d .stk-block-heading__text{font-size:4em !important;}}@media screen and (max-width:689px){.stk-1380b9d .stk-block-heading__text{font-size:50px !important;}}<\/style><h1 class=\"stk-block-heading__text has-text-color has-text-align-center\">G\u00f3p B\u00e0i<\/h1><\/div>\n<\/div><\/div><\/div>\n\n\n\n<div class=\"wp-block-uagb-container uagb-block-eb678d34 alignfull uagb-is-root-container\"><div class=\"uagb-container-inner-blocks-wrap\">\n<div class=\"wp-block-stackable-image stk-block-image stk-block stk-5dede0c\" data-block-id=\"5dede0c\"><style>.stk-5dede0c .stk-img-wrapper{height:600px !important;}.stk-5dede0c .stk-img-wrapper img{object-position:48% 68% !important;object-fit:cover !important;}@media screen and (max-width:999px){.stk-5dede0c .stk-img-wrapper{height:500px !important;}}@media screen and (max-width:689px){.stk-5dede0c .stk-img-wrapper{height:300px !important;}}<\/style><figure><span class=\"stk-img-wrapper stk-image--shape-stretch\"><img loading=\"lazy\" decoding=\"async\" class=\"stk-img wp-image-2652\" src=\"https:\/\/vietnamese-in-kentucky.org\/wp-content\/uploads\/2025\/04\/open-book-vietnamese-copy.webp\" width=\"1600\" height=\"1074\" alt=\"Family engaging in traditional Tet New Year celebrations in Hanoi, showcasing cultural traditions.\" srcset=\"https:\/\/vietnamese-in-kentucky.org\/wp-content\/uploads\/2025\/04\/open-book-vietnamese-copy.webp 1600w, https:\/\/vietnamese-in-kentucky.org\/wp-content\/uploads\/2025\/04\/open-book-vietnamese-copy-300x201.webp 300w, https:\/\/vietnamese-in-kentucky.org\/wp-content\/uploads\/2025\/04\/open-book-vietnamese-copy-1024x687.webp 1024w, https:\/\/vietnamese-in-kentucky.org\/wp-content\/uploads\/2025\/04\/open-book-vietnamese-copy-768x516.webp 768w, https:\/\/vietnamese-in-kentucky.org\/wp-content\/uploads\/2025\/04\/open-book-vietnamese-copy-1536x1031.webp 1536w, https:\/\/vietnamese-in-kentucky.org\/wp-content\/uploads\/2025\/04\/open-book-vietnamese-copy-18x12.webp 18w\" sizes=\"auto, (max-width: 1600px) 100vw, 1600px\" \/><\/span><\/figure><\/div>\n\n\n\n<div class=\"wp-block-uagb-container uagb-block-e7718b81\">\n<div class=\"wp-block-uagb-info-box uagb-block-fd6444e7 uagb-infobox__content-wrap  uagb-infobox-icon-above-title uagb-infobox-image-valign-top\"><div class=\"uagb-ifb-content\"><div class=\"uagb-ifb-title-wrap\"><h2 class=\"uagb-ifb-title\">\u0110\u00f3ng G\u00f3p B\u00e0i C\u1ee7a Qu\u00fd V\u1ecb<\/h2><\/div><p class=\"uagb-ifb-desc\">Nh\u1eefng c\u00e2u chuy\u1ec7n \u0111\u00f3ng g\u00f3p c\u00f3 th\u1ec3 n\u00f3i v\u1ec1 nhi\u1ec1u kinh nghi\u1ec7m s\u1ed1ng kh\u00e1c nhau, li\u00ean quan \u0111\u1ebfn c\u00e1 nh\u00e2n ho\u1eb7c mang t\u00ednh c\u00e1ch c\u1ed9ng \u0111\u1ed3ng. M\u1ee5c \u0111\u00edch l\u00e0 \u0111\u1ec3 \u0111\u1ed9c gi\u1ea3 c\u00f3 th\u1ec3 h\u00ecnh dung v\u1ec1 cu\u1ed9c s\u1ed1ng v\u00e0 v\u0103n ho\u00e1 c\u1ee7a nh\u1eefng l\u00e0n s\u00f3ng ng\u01b0\u1eddi Vi\u1ec7t \u0111\u1ea7u ti\u00ean \u0111\u1ebfn \u0111\u1ecbnh c\u01b0 t\u1ea1i Kentucky.<\/p><\/div><\/div>\n<\/div>\n<\/div><\/div>\n\n\n\n<div class=\"wp-block-uagb-container uagb-block-f641c899 alignfull uagb-is-root-container\"><div class=\"uagb-container-inner-blocks-wrap\">\n<div class=\"wp-block-uagb-container uagb-block-ea48b6e2\">\n<div class=\"wp-block-uagb-info-box uagb-block-f1e3471b uagb-infobox__content-wrap  uagb-infobox-icon-above-title uagb-infobox-image-valign-top\"><div class=\"uagb-ifb-content\"><div class=\"uagb-ifb-title-wrap\"><h2 class=\"uagb-ifb-title\">H\u00ecnh Th\u1ee9c B\u00e0i G\u1eedi<\/h2><\/div><p class=\"uagb-ifb-desc\">C\u00e1c c\u00e2u chuy\u1ec7n c\u00f3 th\u1ec3 \u0111u\u1ee3c g\u1eedi b\u1eb1ng ti\u1ebfng Anh, ti\u1ebfng Vi\u1ec7t, ho\u1eb7c c\u1ea3 hai. M\u1ed9t nh\u00f3m thi\u1ec7n nguy\u1ec7n vi\u00ean s\u1ebd ph\u1ee5 tr\u00e1ch vi\u1ec7c ch\u1ec9nh s\u1eeda v\u00e0 d\u1ecbch thu\u1eadt c\u1ea7n thi\u1ebft \u0111\u1ec3 m\u1ecdi ch\u01b0\u01a1ng s\u00e1ch \u0111\u01b0\u1ee3c \u1ea5n h\u00e0nh b\u1eb1ng c\u1ea3 hai ng\u00f4n ng\u1eef.<br><br>M\u1ed7i c\u00e2u chuy\u1ec7n c\u00f3 th\u1ec3 \u0111u\u1ee3c k\u1ec3 d\u01b0\u1edbi h\u00ecnh th\u1ee9c m\u1ed9t b\u00e0i vi\u1ebft, b\u00e0i th\u01a1, b\u00e0i nh\u1ea1c, ph\u00f3ng s\u1ef1 h\u00ecnh \u1ea3nh, ho\u1eb7c m\u1ed9t k\u1ebft h\u1ee3p n\u00e0o \u0111\u00f3 c\u1ee7a nh\u1eefng d\u1ea1ng n\u00e0y. M\u1ed7i c\u00e2u chuy\u1ec7n c\u00f3 th\u1ec3 c\u00f3 nhi\u1ec1u ph\u1ea7n, nh\u01b0ng t\u1ea5t c\u1ea3 m\u1ecdi ph\u1ea7n s\u1ebd \u0111u\u1ee3c gom l\u1ea1i th\u00e0nh m\u1ed9t ch\u01b0\u01a1ng s\u00e1ch. \u0110\u1ec3 cu\u1ed1n s\u00e1ch c\u00f3 \u0111u\u1ee3c nhi\u1ec1u c\u00e2u chuy\u1ec7n, m\u1ed7i ch\u01b0\u01a1ng s\u00e1ch s\u1ebd \u0111u\u1ee3c gi\u1edbi h\u1ea1n kho\u1ea3ng 4.000 ch\u1eef.<br><br>Qu\u00fd v\u1ecb c\u00f3 th\u1ec3 g\u1eedi b\u00e0i cho ch\u00fang t\u00f4i d\u01b0\u1edbi d\u1ea1ng TXT, PDF, Word, ho\u1eb7c nh\u1eefng t\u00e0i li\u1ec7u \u00e2m thanh, h\u00ecnh \u1ea3nh. N\u1ebfu mu\u1ed1n, qu\u00fd v\u1ecb c\u00f3 th\u1ec3 gom c\u00e1c t\u1ea5t c\u1ea3 t\u00e0i li\u1ec7u v\u00e0o m\u1ed9t t\u1eadp tin d\u01b0\u1edbi d\u1ea1ng ZIP. Xin vui l\u00f2ng d\u00f9ng m\u1eabu li\u00ean l\u1ea1c d\u01b0\u1edbi \u0111\u00e2y \u0111\u1ec3 g\u1eedi b\u00e0i cho ch\u00fang t\u00f4i.<\/p><\/div><\/div>\n<\/div>\n\n\n\n<div class=\"wp-block-uagb-container uagb-block-927089f3\">\n<div class=\"wp-block-uagb-info-box uagb-block-f3bbafcb uagb-infobox__content-wrap  uagb-infobox-icon-above-title uagb-infobox-image-valign-top\"><div class=\"uagb-ifb-content\"><div class=\"uagb-ifb-title-wrap\"><h2 class=\"uagb-ifb-title\">Ph\u1ea1m Vi C\u00e2u Chuy\u1ec7n<\/h2><\/div><p class=\"uagb-ifb-desc\">Nh\u1eefng c\u00e2u chuy\u1ec7n \u0111\u00f3ng g\u00f3p c\u00f3 th\u1ec3 n\u00f3i v\u1ec1 nhi\u1ec1u kinh nghi\u1ec7m s\u1ed1ng kh\u00e1c nhau, li\u00ean quan \u0111\u1ebfn c\u00e1 nh\u00e2n ho\u1eb7c mang t\u00ednh c\u00e1ch c\u1ed9ng \u0111\u1ed3ng. Nh\u1eefng c\u00e2u chuy\u1ec7n n\u00e0y c\u1ea7n gi\u00fap cho \u0111\u1ed9c gi\u1ea3 hi\u1ec3u bi\u1ebft nhi\u1ec1u h\u01a1n v\u1ec1 nh\u1eefng v\u1ea5n \u0111\u1ec1 nh\u01b0 sau:<\/p><\/div><\/div>\n\n\n\n<ul class=\"wp-block-list\">\n<li><strong>Cu\u1ed9c s\u1ed1ng t\u1ea1i Vi\u1ec7t Nam trong v\u00e0 sau chi\u1ebfn tranh:<\/strong> Nh\u1eefng c\u00e2u chuy\u1ec7n c\u00e1 nh\u00e2n v\u1ec1 \u0111\u1eddi s\u1ed1ng h\u1eb1ng ng\u00e0y, ghi ch\u00e9p th\u1ef1c t\u1ebf \u0111\u1eddi s\u1ed1ng trong th\u1eddi chi\u1ebfn v\u00e0 nh\u1eefng kh\u00f3 kh\u0103n sau chi\u1ebfn tranh<\/li>\n\n\n\n<li><strong>H\u00e0nh tr\u00ecnh \u0111\u1ebfn Hoa K\u1ef3:<\/strong> Nh\u1eefng kinh nghi\u1ec7m v\u1ec1 v\u01b0\u1ee3t bi\u00ean, di d\u00e2n, v\u00e0 \u0111\u1ecbnh c\u01b0 tr\u00ean v\u00f9ng \u0111\u1ea5t m\u1edbi<\/li>\n\n\n\n<li><strong>T\u1ea1o d\u1ef1ng l\u1ea1i cu\u1ed9c s\u1ed1ng v\u00e0 gia \u0111\u00ecnh \u1edf Kentucky:<\/strong> Th\u00edch nghi v\u1edbi v\u0103n ho\u00e1 m\u1edbi, thi\u1ebft l\u1eadp c\u01a1 s\u1edf th\u01b0\u01a1ng m\u1ea1i, \u0111\u00f3ng g\u00f3p cho c\u1ed9ng \u0111\u1ed3ng, b\u1ea3o t\u1ed3n truy\u1ec1n th\u1ed1ng v\u0103n ho\u00e1.<\/li>\n<\/ul>\n<\/div>\n<\/div><\/div>\n\n\n\n<div class=\"wp-block-uagb-container uagb-block-4d71dc2e alignfull uagb-is-root-container\"><div class=\"uagb-container-inner-blocks-wrap\">\n<div class=\"wp-block-uagb-container uagb-block-04849af8\">\n<div class=\"wp-block-uagb-advanced-heading uagb-block-7360d0ee\"><h2 class=\"uagb-heading-text\">G\u1eedi b\u00e0i c\u1ee7a qu\u00fd v\u1ecb<\/h2><\/div>\n\n\n\n<p>Sau khi \u0111\u1ecdc v\u00e0 \u0111\u1ed3ng \u00fd v\u1edbi c\u00e1c \u0111i\u1ec1u kho\u1ea3n c\u1ea7n thi\u1ebft d\u01b0\u1edbi \u0111\u00e2y, xin qu\u00fd v\u1ecb vui l\u00f2ng tr\u00e0 l\u1eddi c\u00e1c th\u00f4ng tin \u0111\u01b0\u1ee3c h\u1ecfi v\u00e0 t\u1ea3i b\u00e0i m\u00e0 qu\u00fd v\u1ecb mu\u1ed1n g\u1eedi. Qu\u00fd v\u1ecb c\u00f3 th\u1ec3 t\u1ef1 do t\u1ea3i l\u00ean t\u00e0i li\u1ec7u vi\u1ebft, t\u00e0i li\u1ec7u \u00e2m thanh, h\u00ecnh \u1ea3nh, ho\u1eb7c t\u1eadp tin n\u00e9n (zip). N\u1ebfu c\u00f3 \u0111i\u1ec1u g\u00ec th\u1eafc m\u1eafc, xin li\u00ean l\u1ea1c v\u1edbi ch\u00fang t\u00f4i qua trang Li\u00ean L\u1ea1c.<\/p>\n\n\n\n<div class=\"wpcf7 no-js\" id=\"wpcf7-f2319-o1\" lang=\"en-US\" dir=\"ltr\" data-wpcf7-id=\"2319\">\n<div class=\"screen-reader-response\"><p role=\"status\" aria-live=\"polite\" aria-atomic=\"true\"><\/p> <ul><\/ul><\/div>\n<form action=\"\/vi\/wp-json\/wp\/v2\/pages\/2257#wpcf7-f2319-o1\" method=\"post\" class=\"wpcf7-form init wpcf7-acceptance-as-validation\" aria-label=\"Contact form\" enctype=\"multipart\/form-data\" novalidate=\"novalidate\" data-status=\"init\" data-trp-original-action=\"\/vi\/wp-json\/wp\/v2\/pages\/2257#wpcf7-f2319-o1\">\n<div style=\"display: none;\">\n<input type=\"hidden\" name=\"_wpcf7\" value=\"2319\" \/>\n<input type=\"hidden\" name=\"_wpcf7_version\" value=\"6.0.6\" \/>\n<input type=\"hidden\" name=\"_wpcf7_locale\" value=\"en_US\" \/>\n<input type=\"hidden\" name=\"_wpcf7_unit_tag\" value=\"wpcf7-f2319-o1\" \/>\n<input type=\"hidden\" name=\"_wpcf7_container_post\" value=\"0\" \/>\n<input type=\"hidden\" name=\"_wpcf7_posted_data_hash\" value=\"\" \/>\n<input type=\"hidden\" name=\"_wpcf7_recaptcha_response\" value=\"\" \/>\n<\/div>\n<p><b>TH\u1eceA THU\u1eacN C\u1ee6A NG\u01af\u1edcI G\u1eecI B\u00c0I<\/b>\n<\/p>\n<p>Khi \u0111\u00e1nh d\u1ea5u v\u00e0o \u00f4 vu\u00f4ng d\u01b0\u1edbi \u0111\u00e2y v\u00e0 g\u1eedi b\u00e0i c\u1ee7a t\u00f4i (sau \u0111\u00e2y g\u1ecdi l\u00e0 \u201cB\u00e0i G\u1eedi\u201d) t\u1edbi C\u1ed9ng \u0110\u1ed3ng Ng\u01b0\u1eddi Vi\u1ec7t t\u1ea1i Louisville v\u00e0 Ti\u1ebfng N\u00f3i L\u01b0u Vong (g\u1ecdi chung l\u00e0 \u201cC\u00e1c T\u1ed5 Ch\u1ee9c\u201d), t\u00f4i x\u00e1c nh\u1eadn, tuy\u00ean b\u1ed1 v\u00e0 \u0111\u1ed3ng \u00fd r\u1eb1ng:\n<\/p>\n<ol>\n\t<li>\n\t\t<p>T\u00e1c Gi\u1ea3 &amp; B\u00e0i G\u1eedi\n\t\t<\/p>\n\t<\/li>\n\t<ul>\n\t\t<li>\n\t\t\t<p>T\u00f4i l\u00e0 t\u00e1c gi\u1ea3 duy nh\u1ea5t v\u00e0 ch\u1ee7 s\u1edf h\u1eefu m\u1ecdi quy\u1ec1n \u0111\u1ed1i v\u1edbi B\u00e0i G\u1eedi.\n\t\t\t<\/p>\n\t\t<\/li>\n\t\t<li>\n\t\t\t<p>B\u00e0i G\u1eedi ho\u00e0n to\u00e0n do t\u00f4i s\u00e1ng t\u1ea1o v\u00e0 ch\u01b0a bao gi\u1edd \u0111\u01b0\u1ee3c \u1ea5n h\u00e0nh ho\u1eb7c xu\u1ea5t b\u1ea3n d\u01b0\u1edbi b\u1ea5t c\u1ee9 h\u00ecnh th\u1ee9c n\u00e0o.\n\t\t\t<\/p>\n\t\t<\/li>\n\t\t<li>\n\t\t\t<p>B\u00e0i G\u1eedi kh\u00f4ng vi ph\u1ea1m, l\u1ea1m d\u1ee5ng ho\u1eb7c x\u00e2m ph\u1ea1m b\u1ea3n quy\u1ec1n, nh\u00e3n hi\u1ec7u, quy\u1ec1n ri\u00eang t\u01b0, quy\u1ec1n \u1ea5n h\u00e0nh hay b\u1ea5t k\u1ef3 quy\u1ec1n n\u00e0o c\u1ee7a b\u1ea5t c\u1ee9 th\u00e0nh ph\u1ea7n th\u1ee9 ba n\u00e0o.\n\t\t\t<\/p>\n\t\t<\/li>\n\t<\/ul>\n\t<li>\n\t\t<p>Tr\u00e1ch Nhi\u1ec7m \u0111\u1ed1i v\u1edbi M\u1ecdi Ki\u1ec7n T\u1ee5ng\n\t\t<\/p>\n\t<\/li>\n\t<ul>\n\t\t<li>\n\t\t\t<p>T\u00f4i ho\u00e0n to\u00e0n ch\u1ecbu tr\u00e1ch nhi\u1ec7m \u0111\u1ed1i v\u1edbi m\u1ecdi ki\u1ec7n t\u1ee5ng, t\u1ed5n th\u1ea5t ho\u1eb7c tr\u00e1ch nhi\u1ec7m ph\u00e1p l\u00fd (k\u1ec3 c\u1ea3 ph\u00ed lu\u1eadt s\u01b0 h\u1ee3p l\u00fd) g\u00e2y ra b\u1edfi ho\u1eb7c li\u00ean quan \u0111\u1ebfn B\u00e0i G\u1eedi.\n\t\t\t<\/p>\n\t\t<\/li>\n\t\t<li>\n\t\t\t<p>T\u00f4i \u0111\u1ed3ng \u00fd b\u1ed3i th\u01b0\u1eddng cho C\u00e1c T\u1ed5 Ch\u1ee9c v\u00e0 g\u00e1nh ch\u1ecbu m\u1ecdi thi\u1ec7t h\u1ea1i t\u1eeb nh\u1eefng v\u1ee5 ki\u1ec7n t\u1ee5ng n\u00f3i tr\u00ean.\n\t\t\t<\/p>\n\t\t<\/li>\n\t<\/ul>\n\t<li>\n\t\t<p>C\u1ea5p Quy\u1ec1n cho C\u00e1c T\u1ed5 Ch\u1ee9c\n\t\t<\/p>\n\t<\/li>\n\t<ul>\n\t\t<li>\n\t\t\t<p>T\u00f4i c\u1ea5p cho C\u00e1c T\u1ed5 Ch\u1ee9c, c\u00f9ng ng\u01b0\u1eddi k\u1ebf th\u1eeba, chuy\u1ec3n nh\u01b0\u1ee3ng v\u00e0 nh\u1eefng ng\u01b0\u1eddi \u0111\u01b0\u1ee3c h\u1ecd c\u1ea5p quy\u1ec1n, quy\u1ec1n x\u1eed d\u1ee5ng kh\u00f4ng \u0111\u1ed9c quy\u1ec1n, mi\u1ec5n ph\u00ed b\u1ea3n quy\u1ec1n, c\u00f3 hi\u1ec7u l\u1ef1c v\u0129nh vi\u1ec5n v\u00e0 to\u00e0n c\u1ea7u \u0111\u1ec3 s\u1eed d\u1ee5ng, sao ch\u00e9p, xu\u1ea5t b\u1ea3n, tr\u01b0ng b\u00e0y, tr\u00ecnh di\u1ec5n, \u0111i\u1ec1u ch\u1ec9nh, bi\u00ean t\u1eadp, d\u1ecbch, ph\u00e2n ph\u1ed1i v\u00e0 t\u1ea1o c\u00e1c t\u00e1c ph\u1ea9m kh\u00e1c c\u00f3 xu\u1ea5t x\u1ee9 t\u1eeb B\u00e0i G\u1eedi, to\u00e0n b\u1ed9 ho\u1eb7c m\u1ed9t ph\u1ea7n, d\u01b0\u1edbi b\u1ea5t k\u1ef3 h\u00ecnh th\u1ee9c hay ph\u01b0\u01a1ng ti\u1ec7n n\u00e0o hi\u1ec7n c\u00f3 ho\u1eb7c s\u1ebd \u0111\u01b0\u1ee3c ph\u00e1t minh trong t\u01b0\u01a1ng lai, bao g\u1ed3m (nh\u01b0ng kh\u00f4ng gi\u1edbi h\u1ea1n) s\u00e1ch in ho\u1eb7c s\u00e1ch \u0111i\u1ec7n t\u1eed, v\u00e0 c\u00e1c t\u00e0i li\u1ec7u qu\u1ea3ng b\u00e1, gi\u00e1o d\u1ee5c, ho\u1eb7c l\u01b0u tr\u1eef li\u00ean quan.\n\t\t\t<\/p>\n\t\t<\/li>\n\t<\/ul>\n\t<li>\n\t\t<p>Gi\u1eef L\u1ea1i Quy\u1ec1n\n\t\t<\/p>\n\t<\/li>\n\t<ul>\n\t\t<li>\n\t\t\t<p>T\u00f4i v\u1eabn gi\u1eef to\u00e0n b\u1ed9 quy\u1ec1n s\u1edf h\u1eefu \u0111\u1ed1i v\u1edbi B\u00e0i G\u1eedi v\u00e0 \u0111\u01b0\u1ee3c t\u1ef1 do xu\u1ea5t b\u1ea3n, c\u1ea5p ph\u00e9p ho\u1eb7c khai th\u00e1c t\u00e1c ph\u1ea9m \u1edf n\u01a1i kh\u00e1c m\u00e0 kh\u00f4ng b\u1ecb h\u1ea1n ch\u1ebf.\n\t\t\t<\/p>\n\t\t<\/li>\n\t<\/ul>\n\t<li>\n\t\t<p>Ch\u1ea5p Nh\u1eadn M\u1ecdi \u0110i\u1ec1u Kho\u1ea3n\n\t\t<\/p>\n\t<\/li>\n\t<ul>\n\t\t<li>\n\t\t\t<p>T\u00f4i \u0111\u00e3 \u0111\u1ecdc, hi\u1ec3u v\u00e0 \u0111\u1ed3ng \u00fd v\u1edbi t\u1ea5t c\u1ea3 c\u00e1c \u0111i\u1ec1u kho\u1ea3n n\u00eau tr\u00ean. Vi\u1ec7c t\u00f4i \u0111\u00e1nh d\u1ea5u v\u00e0o \u00f4 vu\u00f4ng d\u01b0\u1edbi \u0111\u00e2y \u0111\u1ed3ng ngh\u0129a v\u1edbi ch\u1eef k\u00fd \u0111i\u1ec7n t\u1eed mang gi\u00e1 tr\u1ecb ph\u00e1p l\u00fd c\u1ee7a t\u00f4i \u0111\u1ed1i v\u1edbi Th\u1ecfa thu\u1eadn n\u00e0y.\n\t\t\t<\/p>\n\t\t<\/li>\n\t<\/ul>\n<\/ol>\n<p><span class=\"wpcf7-form-control-wrap\" data-name=\"acceptance-547\"><span class=\"wpcf7-form-control wpcf7-acceptance\"><span class=\"wpcf7-list-item\"><label><input type=\"checkbox\" name=\"acceptance-547\" value=\"1\" aria-invalid=\"false\" \/><span class=\"wpcf7-list-item-label\">T\u00f4i \u0111\u00e3 \u0111\u1ecdc v\u00e0 \u0111\u1ed3ng \u00fd v\u1edbi m\u1ecdi \u0111i\u1ec1u kho\u1ea3n trong Th\u1ecfa Thu\u1eadn C\u1ee7a Ng\u01b0\u1eddi G\u1eedi B\u00e0i n\u00eau tr\u00ean.<\/span><\/label><\/span><\/span><\/span>\n<\/p>\n<p><label> T\u00ean *<br \/>\n<span class=\"wpcf7-form-control-wrap\" data-name=\"your-name\"><input size=\"40\" maxlength=\"400\" class=\"wpcf7-form-control wpcf7-text wpcf7-validates-as-required\" autocomplete=\"name\" aria-required=\"true\" aria-invalid=\"false\" value=\"\" type=\"text\" name=\"your-name\" \/><\/span> <\/label>\n<\/p>\n<p><label> Email *<br \/>\n<span class=\"wpcf7-form-control-wrap\" data-name=\"your-email\"><input size=\"40\" maxlength=\"400\" class=\"wpcf7-form-control wpcf7-email wpcf7-validates-as-required wpcf7-text wpcf7-validates-as-email\" autocomplete=\"email\" aria-required=\"true\" aria-invalid=\"false\" value=\"\" type=\"email\" name=\"your-email\" \/><\/span> <\/label>\n<\/p>\n<p><label> T\u1ef1a \u0110\u1ec1 *<br \/>\n<span class=\"wpcf7-form-control-wrap\" data-name=\"your-subject\"><input size=\"40\" maxlength=\"400\" class=\"wpcf7-form-control wpcf7-text wpcf7-validates-as-required\" aria-required=\"true\" aria-invalid=\"false\" value=\"\" type=\"text\" name=\"your-subject\" \/><\/span> <\/label>\n<\/p>\n<p><label> Tin Nh\u1eafn *<br \/>\n<span class=\"wpcf7-form-control-wrap\" data-name=\"your-message\"><textarea cols=\"40\" rows=\"10\" maxlength=\"2000\" class=\"wpcf7-form-control wpcf7-textarea wpcf7-validates-as-required\" aria-required=\"true\" aria-invalid=\"false\" name=\"your-message\"><\/textarea><\/span> <\/label>\n<\/p>\n<p><label>Ch\u1ecdn l\u1ef1a t\u00e0i li\u1ec7u \u0111\u1ec3 g\u1eedi. S\u1ed1 l\u01b0\u1ee3ng g\u1eedi ph\u1ea3i d\u01b0\u1edbi 10MB.<br \/>\n<span class=\"wpcf7-form-control-wrap\" data-name=\"file-767\"><input size=\"40\" class=\"wpcf7-form-control wpcf7-file\" accept=\"audio\/*,video\/*,image\/*,application\/pdf,.docx,.zip\" aria-invalid=\"false\" type=\"file\" name=\"file-767\" \/><\/span><\/label>\n<\/p>\n<p><input class=\"wpcf7-form-control wpcf7-submit has-spinner\" type=\"submit\" value=\"G\u1eedi\" \/>\n<\/p>\n<p>Qu\u00fd v\u1ecb c\u1ea7n ph\u1ea3i \u0111\u1ecdc v\u00e0 \u0111\u1ed3ng \u00fd v\u1edbi c\u00e1c \u0111i\u1ec1u kho\u1ea3n trong Th\u1ecfa Thu\u1eadn c\u1ee7a Ng\u01b0\u1eddi G\u1eedi B\u00e0i tr\u00ean \u0111\u00e2y tr\u01b0\u1edbc khi g\u1eedi b\u00e0i.\n<\/p><div class=\"wpcf7-response-output\" aria-hidden=\"true\"><\/div>\n<input type=\"hidden\" name=\"trp-form-language\" value=\"vi\"\/><\/form>\n<\/div>\n\n\n\n\n<div class=\"wp-block-stackable-spacer stk-block-spacer stk--no-padding stk-block stk-ebbb655\" data-block-id=\"ebbb655\"><\/div>\n<\/div>\n<\/div><\/div>\n\n\n\n<p><\/p>","protected":false},"excerpt":{"rendered":"<p>Contribute Submit your story below After reading and agreeing to the required terms below, you can fill out the form and upload a file you would like to share. Feel free to upload a document, audio, image, or zip file. If you need help or have any questions, please use the Contact page to contact [&hellip;]<\/p>","protected":false},"author":1,"featured_media":0,"parent":0,"menu_order":0,"comment_status":"closed","ping_status":"closed","template":"","meta":{"_uag_custom_page_level_css":"","footnotes":""},"class_list":["post-2257","page","type-page","status-publish","hentry"],"blocksy_meta":{"content_style_source":"inherit","vertical_spacing_source":"custom","content_area_spacing":"none","styles_descriptor":{"styles":{"desktop":"","tablet":"","mobile":""},"google_fonts":[],"version":6}},"aioseo_notices":[],"uagb_featured_image_src":{"full":false,"thumbnail":false,"medium":false,"medium_large":false,"large":false,"1536x1536":false,"2048x2048":false,"trp-custom-language-flag":false},"uagb_author_info":{"display_name":"aprilfultz@gmail.com","author_link":"https:\/\/vietnamese-in-kentucky.org\/vi\/author\/aprilfultzgmail-com\/"},"uagb_comment_info":0,"uagb_excerpt":"Contribute Submit your story below After reading and agreeing to the required terms below, you can fill out the form and upload a file you would like to share. Feel free to upload a document, audio, image, or zip file. If you need help or have any questions, please use the Contact page to contact&hellip;","_links":{"self":[{"href":"https:\/\/vietnamese-in-kentucky.org\/vi\/wp-json\/wp\/v2\/pages\/2257","targetHints":{"allow":["GET"]}}],"collection":[{"href":"https:\/\/vietnamese-in-kentucky.org\/vi\/wp-json\/wp\/v2\/pages"}],"about":[{"href":"https:\/\/vietnamese-in-kentucky.org\/vi\/wp-json\/wp\/v2\/types\/page"}],"author":[{"embeddable":true,"href":"https:\/\/vietnamese-in-kentucky.org\/vi\/wp-json\/wp\/v2\/users\/1"}],"replies":[{"embeddable":true,"href":"https:\/\/vietnamese-in-kentucky.org\/vi\/wp-json\/wp\/v2\/comments?post=2257"}],"version-history":[{"count":58,"href":"https:\/\/vietnamese-in-kentucky.org\/vi\/wp-json\/wp\/v2\/pages\/2257\/revisions"}],"predecessor-version":[{"id":2741,"href":"https:\/\/vietnamese-in-kentucky.org\/vi\/wp-json\/wp\/v2\/pages\/2257\/revisions\/2741"}],"wp:attachment":[{"href":"https:\/\/vietnamese-in-kentucky.org\/vi\/wp-json\/wp\/v2\/media?parent=2257"}],"curies":[{"name":"wp","href":"https:\/\/api.w.org\/{rel}","templated":true}]}}