{"id":2284,"date":"2025-04-11T21:20:21","date_gmt":"2025-04-11T21:20:21","guid":{"rendered":"https:\/\/vietnamese-in-kentucky.org\/?page_id=2284"},"modified":"2025-04-20T01:01:55","modified_gmt":"2025-04-20T01:01:55","slug":"contact","status":"publish","type":"page","link":"https:\/\/vietnamese-in-kentucky.org\/vi\/contact\/","title":{"rendered":"Li\u00ean L\u1ea1c"},"content":{"rendered":"<div class=\"wp-block-stackable-hero alignfull stk-block-hero stk-block stk-d1949b0 stk-block-background is-style-default stk--has-background-overlay\" data-v=\"2\" data-block-id=\"d1949b0\"><style>.stk-d1949b0-inner-blocks{align-items:center !important;}.stk-d1949b0 {background-color:#000000 !important;background-image:url(https:\/\/vietnamese-in-kentucky.org\/wp-content\/uploads\/2025\/04\/pexels-photo-book.jpg) !important;background-attachment:fixed !important;background-position:center center !important;background-repeat:no-repeat !important;background-size:cover !important;margin-bottom:0px !important;}.stk-d1949b0:before{background-color:#000000 !important;opacity:0.7 !important;}.stk-d1949b0 .stk-block-hero__content{min-height:400px !important;align-items:center !important;display:flex !important;}@media screen and (max-width:999px){.stk-d1949b0 .stk-block-hero__content{min-height:250px !important;}}<\/style><div class=\"stk-block-hero__content stk-content-align stk-d1949b0-column alignfull stk-container stk-d1949b0-container stk--no-background stk--no-padding\"><div class=\"stk-block-content stk-inner-blocks has-text-align-center stk--column-flex stk-d1949b0-inner-blocks\">\n<div class=\"wp-block-stackable-heading stk-block-heading stk-block-heading--v2 stk-block stk-685822c\" id=\"contact-us\" data-block-id=\"685822c\"><style>.stk-685822c .stk-block-heading__text{font-size:4em !important;color:var(--theme-palette-color-8, #ffffff) !important;}@media screen and (max-width:999px){.stk-685822c .stk-block-heading__text{font-size:4em !important;}}@media screen and (max-width:689px){.stk-685822c .stk-block-heading__text{font-size:50px !important;}}<\/style><h1 class=\"stk-block-heading__text has-text-color has-text-align-center\">Li\u00ean L\u1ea1c V\u1edbi Ch\u00fang T\u00f4i<\/h1><\/div>\n<\/div><\/div><\/div>\n\n\n\n<div class=\"wp-block-uagb-container uagb-block-eb678d34 alignfull uagb-is-root-container\"><div class=\"uagb-container-inner-blocks-wrap\">\n<div class=\"wp-block-uagb-container uagb-block-e7718b81\">\n<div class=\"wp-block-uagb-info-box uagb-block-fd6444e7 uagb-infobox__content-wrap  uagb-infobox-icon-above-title uagb-infobox-image-valign-top\"><div class=\"uagb-ifb-content\"><div class=\"uagb-ifb-title-wrap\"><h2 class=\"uagb-ifb-title\">Th\u1eafc M\u1eafc?<\/h2><\/div><p class=\"uagb-ifb-desc\">N\u1ebfu qu\u00fd v\u1ecb c\u00f3 \u0111i\u1ec1u chi th\u1eafc m\u1eafc v\u1ec1 d\u1ef1 \u00e1n n\u00e0y, ho\u1eb7c c\u1ea7n s\u1ef1 gi\u00fap \u0111\u1ee1, ho\u1eb7c c\u00f3 \u00fd ki\u1ebfn g\u00ec, xin vui l\u00f2ng cho ch\u00fang t\u00f4i bi\u1ebft. N\u1ebfu qu\u00fd v\u1ecb mu\u1ed1n tr\u00ecnh b\u00e0y v\u1ea5n \u0111\u1ec1 qua \u0111i\u1ec7n tho\u1ea1i, xin cho bi\u1ebft \u0111\u1ec3 ch\u00fang t\u00f4i g\u1ecdi l\u1ea1i. <\/p><\/div><\/div>\n\n\n<\/div>\n\n\n\n<div class=\"wpcf7 no-js\" id=\"wpcf7-f2436-o1\" lang=\"en-US\" dir=\"ltr\" data-wpcf7-id=\"2436\">\n<div class=\"screen-reader-response\"><p role=\"status\" aria-live=\"polite\" aria-atomic=\"true\"><\/p> <ul><\/ul><\/div>\n<form action=\"\/vi\/wp-json\/wp\/v2\/pages\/2284#wpcf7-f2436-o1\" method=\"post\" class=\"wpcf7-form init\" aria-label=\"Contact form\" novalidate=\"novalidate\" data-status=\"init\" data-trp-original-action=\"\/vi\/wp-json\/wp\/v2\/pages\/2284#wpcf7-f2436-o1\">\n<div style=\"display: none;\">\n<input type=\"hidden\" name=\"_wpcf7\" value=\"2436\" \/>\n<input type=\"hidden\" name=\"_wpcf7_version\" value=\"6.0.6\" \/>\n<input type=\"hidden\" name=\"_wpcf7_locale\" value=\"en_US\" \/>\n<input type=\"hidden\" name=\"_wpcf7_unit_tag\" value=\"wpcf7-f2436-o1\" \/>\n<input type=\"hidden\" name=\"_wpcf7_container_post\" value=\"0\" \/>\n<input type=\"hidden\" name=\"_wpcf7_posted_data_hash\" value=\"\" \/>\n<input type=\"hidden\" name=\"_wpcf7_recaptcha_response\" value=\"\" \/>\n<\/div>\n<p><label> T\u00ean *<br \/>\n<span class=\"wpcf7-form-control-wrap\" data-name=\"your-name\"><input size=\"40\" maxlength=\"400\" class=\"wpcf7-form-control wpcf7-text wpcf7-validates-as-required\" autocomplete=\"name\" aria-required=\"true\" aria-invalid=\"false\" value=\"\" type=\"text\" name=\"your-name\" \/><\/span> <\/label>\n<\/p>\n<p><label> Email *<br \/>\n<span class=\"wpcf7-form-control-wrap\" data-name=\"your-email\"><input size=\"40\" maxlength=\"400\" class=\"wpcf7-form-control wpcf7-email wpcf7-validates-as-required wpcf7-text wpcf7-validates-as-email\" autocomplete=\"email\" aria-required=\"true\" aria-invalid=\"false\" value=\"\" type=\"email\" name=\"your-email\" \/><\/span> <\/label>\n<\/p>\n<p><label>\u0110i\u1ec7n Tho\u1ea1i *<br \/>\n<span class=\"wpcf7-form-control-wrap\" data-name=\"tel-698\"><input size=\"40\" maxlength=\"400\" class=\"wpcf7-form-control wpcf7-tel wpcf7-validates-as-required wpcf7-text wpcf7-validates-as-tel\" autocomplete=\"tel\" aria-required=\"true\" aria-invalid=\"false\" value=\"\" type=\"tel\" name=\"tel-698\" \/><\/span><\/label>\n<\/p>\n<p><label> T\u1ef1a \u0110\u1ec1 *<br \/>\n<span class=\"wpcf7-form-control-wrap\" data-name=\"your-subject\"><input size=\"40\" maxlength=\"400\" class=\"wpcf7-form-control wpcf7-text wpcf7-validates-as-required\" aria-required=\"true\" aria-invalid=\"false\" value=\"\" type=\"text\" name=\"your-subject\" \/><\/span> <\/label>\n<\/p>\n<p><label> Tin Nh\u1eafn *<br \/>\n<span class=\"wpcf7-form-control-wrap\" data-name=\"your-message\"><textarea cols=\"40\" rows=\"10\" maxlength=\"2000\" class=\"wpcf7-form-control wpcf7-textarea wpcf7-validates-as-required\" aria-required=\"true\" aria-invalid=\"false\" name=\"your-message\"><\/textarea><\/span> <\/label>\n<\/p>\n<p><input class=\"wpcf7-form-control wpcf7-submit has-spinner\" type=\"submit\" value=\"G\u1eedi\" \/>\n<\/p><div class=\"wpcf7-response-output\" aria-hidden=\"true\"><\/div>\n<input type=\"hidden\" name=\"trp-form-language\" value=\"vi\"\/><\/form>\n<\/div>\n\n<\/div><\/div>","protected":false},"excerpt":{"rendered":"<p>Li\u00ean L\u1ea1c V\u1edbi Ch\u00fang T\u00f4i<\/p>","protected":false},"author":1,"featured_media":0,"parent":0,"menu_order":0,"comment_status":"closed","ping_status":"closed","template":"","meta":{"_uag_custom_page_level_css":"","footnotes":""},"class_list":["post-2284","page","type-page","status-publish","hentry"],"blocksy_meta":{"content_style_source":"inherit","vertical_spacing_source":"custom","content_area_spacing":"none","styles_descriptor":{"styles":{"desktop":"","tablet":"","mobile":""},"google_fonts":[],"version":6}},"aioseo_notices":[],"uagb_featured_image_src":{"full":false,"thumbnail":false,"medium":false,"medium_large":false,"large":false,"1536x1536":false,"2048x2048":false,"trp-custom-language-flag":false},"uagb_author_info":{"display_name":"aprilfultz@gmail.com","author_link":"https:\/\/vietnamese-in-kentucky.org\/vi\/author\/aprilfultzgmail-com\/"},"uagb_comment_info":0,"uagb_excerpt":"Contact Us","_links":{"self":[{"href":"https:\/\/vietnamese-in-kentucky.org\/vi\/wp-json\/wp\/v2\/pages\/2284","targetHints":{"allow":["GET"]}}],"collection":[{"href":"https:\/\/vietnamese-in-kentucky.org\/vi\/wp-json\/wp\/v2\/pages"}],"about":[{"href":"https:\/\/vietnamese-in-kentucky.org\/vi\/wp-json\/wp\/v2\/types\/page"}],"author":[{"embeddable":true,"href":"https:\/\/vietnamese-in-kentucky.org\/vi\/wp-json\/wp\/v2\/users\/1"}],"replies":[{"embeddable":true,"href":"https:\/\/vietnamese-in-kentucky.org\/vi\/wp-json\/wp\/v2\/comments?post=2284"}],"version-history":[{"count":34,"href":"https:\/\/vietnamese-in-kentucky.org\/vi\/wp-json\/wp\/v2\/pages\/2284\/revisions"}],"predecessor-version":[{"id":2610,"href":"https:\/\/vietnamese-in-kentucky.org\/vi\/wp-json\/wp\/v2\/pages\/2284\/revisions\/2610"}],"wp:attachment":[{"href":"https:\/\/vietnamese-in-kentucky.org\/vi\/wp-json\/wp\/v2\/media?parent=2284"}],"curies":[{"name":"wp","href":"https:\/\/api.w.org\/{rel}","templated":true}]}}