{"id":2618,"date":"2025-04-24T20:51:56","date_gmt":"2025-04-24T20:51:56","guid":{"rendered":"https:\/\/vietnamese-in-kentucky.org\/?page_id=2618"},"modified":"2025-04-25T01:31:35","modified_gmt":"2025-04-25T01:31:35","slug":"about","status":"publish","type":"page","link":"https:\/\/vietnamese-in-kentucky.org\/vi\/about\/","title":{"rendered":"Gi\u1edbi Thi\u1ec7u"},"content":{"rendered":"<div class=\"wp-block-stackable-hero alignfull stk-block-hero stk-block stk-f291425 stk-block-background is-style-default stk--has-background-overlay\" data-v=\"2\" data-block-id=\"f291425\"><style>.stk-f291425-inner-blocks{align-items:center !important;}.stk-f291425 {background-color:#000000 !important;background-image:url(https:\/\/vietnamese-in-kentucky.org\/wp-content\/uploads\/2025\/04\/open-book-vietnamese-copy.webp) !important;background-attachment:fixed !important;margin-bottom:0px !important;}.stk-f291425:before{background-color:#000000 !important;opacity:0.7 !important;}.stk-f291425 .stk-block-hero__content{min-height:400px !important;align-items:center !important;display:flex !important;}@media screen and (max-width:999px){.stk-f291425 .stk-block-hero__content{min-height:250px !important;}}<\/style><div class=\"stk-block-hero__content stk-content-align stk-f291425-column alignfull stk-container stk-f291425-container stk--no-background stk--no-padding\"><div class=\"stk-block-content stk-inner-blocks has-text-align-center stk--column-flex stk-f291425-inner-blocks\">\n<div class=\"wp-block-stackable-heading stk-block-heading stk-block-heading--v2 stk-block stk-1380b9d\" id=\"about\" data-block-id=\"1380b9d\"><style>.stk-1380b9d .stk-block-heading__text{font-size:4em !important;color:var(--theme-palette-color-8, #ffffff) !important;}@media screen and (max-width:999px){.stk-1380b9d .stk-block-heading__text{font-size:4em !important;}}@media screen and (max-width:689px){.stk-1380b9d .stk-block-heading__text{font-size:50px !important;}}<\/style><h1 class=\"stk-block-heading__text has-text-color has-text-align-center\">Gi\u1edbi Thi\u1ec7u<\/h1><\/div>\n<\/div><\/div><\/div>\n\n\n\n<div class=\"wp-block-uagb-container uagb-block-eb678d34 alignfull uagb-is-root-container\"><div class=\"uagb-container-inner-blocks-wrap\">\n<div class=\"wp-block-uagb-container uagb-block-e7718b81\">\n<div class=\"wp-block-uagb-info-box uagb-block-fd6444e7 uagb-infobox__content-wrap  uagb-infobox-icon-above-title uagb-infobox-image-valign-top\"><div class=\"uagb-ifb-content\"><div class=\"uagb-ifb-title-wrap\"><h2 class=\"uagb-ifb-title\">C\u1ed9ng \u0110\u1ed3ng Ng\u01b0\u1eddi Vi\u1ec7t t\u1ea1i Louisville<\/h2><\/div><p class=\"uagb-ifb-desc\">C\u1ed9ng \u0110\u1ed3ng Ng\u01b0\u1eddi Vi\u1ec7t t\u1ea1i Louisville l\u00e0 m\u1ed9t t\u1ed5 ch\u1ee9c c\u00f4ng c\u1ed9ng b\u1ea5t v\u1ee5 l\u1ee3i \u0111\u0103ng k\u00fd t\u1ea1i ti\u1ec3u bang Kentucky. M\u1ee5c \u0111\u00edch c\u1ee7a t\u1ed5 ch\u1ee9c l\u00e0 t\u1ea1o \u0111i\u1ec1u ki\u1ec7n cho ng\u01b0\u1eddi Vi\u1ec7t \u1edf Louisville v\u00e0 v\u00f9ng ph\u1ee5 c\u1eadn h\u1ed7 tr\u1ee3 l\u1eabn nhau, b\u1ea3o t\u1ed3n di s\u1ea3n v\u0103n h\u00f3a Vi\u1ec7t Nam, v\u00e0 th\u00fac \u0111\u1ea9y t\u00ecnh h\u1eefu ngh\u1ecb c\u00f9ng s\u1ef1 hi\u1ec3u bi\u1ebft v\u0103n h\u00f3a gi\u1eefa m\u1ecdi s\u1eafc d\u00e2n t\u1ea1i Louisville.<\/p><\/div><\/div>\n\n\n\n<div class=\"wp-block-uagb-info-box uagb-block-f1e3471b uagb-infobox__content-wrap  uagb-infobox-icon-above-title uagb-infobox-image-valign-top\"><div class=\"uagb-ifb-content\"><div class=\"uagb-ifb-title-wrap\"><\/div><p class=\"uagb-ifb-desc\">C\u00e1c ho\u1ea1t \u0111\u1ed9ng c\u1ee7a C\u1ed9ng \u0111\u1ed3ng Ng\u01b0\u1eddi Vi\u1ec7t Louisville bao g\u1ed3m t\u1ed5 ch\u1ee9c l\u1ec5 T\u1ebft h\u1eb1ng n\u0103m, d\u1ea1y k\u00e8m To\u00e1n v\u00e0 \u0110\u1ecdc cho c\u00e1c em h\u1ecdc sinh, tham gia c\u00e1c sinh ho\u1ea1t c\u1ed9ng \u0111\u1ed3ng nh\u01b0 World Fest, di\u1ec5n h\u00e0nh Ng\u00e0y C\u1ef1u Chi\u1ebfn Binh, d\u1ecdn d\u1eb9p \u0111\u01b0\u1eddng ph\u1ed1, v\u00e0 c\u00e1c ho\u1ea1t \u0111\u1ed9ng t\u1eeb thi\u1ec7n kh\u00e1c. C\u1ed9ng \u0111\u1ed3ng Ng\u01b0\u1eddi Vi\u1ec7t Louisville kh\u1edfi x\u01b0\u1edbng D\u1ef1 \u00e1n Tri \u00c2n v\u00e0o n\u0103m 2011 v\u00e0 \u0111\u00f3ng vai tr\u00f2 quan tr\u1ecdng trong vi\u1ec7c ho\u00e0n th\u00e0nh T\u01b0\u1ee3ng \u0111\u00e0i Tri \u00c2n t\u1ea1i Jeffersontown Veterans Memorial Park m\u01b0\u1eddi hai n\u0103m sau.<\/p><\/div><\/div>\n\n\n\n<div class=\"wp-block-uagb-info-box uagb-block-f3bbafcb uagb-infobox__content-wrap  uagb-infobox-icon-above-title uagb-infobox-image-valign-top\"><div class=\"uagb-ifb-content\"><div class=\"uagb-ifb-title-wrap\"><\/div><p class=\"uagb-ifb-desc\">C\u1ed9ng \u0111\u1ed3ng Ng\u01b0\u1eddi Vi\u1ec7t Louisville \u0111\u01b0\u1ee3c \u0111i\u1ec1u h\u00e0nh b\u1edfi m\u1ed9t H\u1ed9i \u0110\u1ed3ng Qu\u1ea3n Tr\u1ecb, hi\u1ec7n nay g\u1ed3m c\u00f3: Yung Nguyen, Van Tran, The Tran, Hung Le, Thao Tran, Tam Duong, Uyen Nguyen, Khanhdung Nguyen, v\u00e0 Tam Do.<\/p><\/div><\/div>\n<\/div>\n\n\n\n<div class=\"wp-block-stackable-image stk-block-image stk-block stk-5dede0c\" data-block-id=\"5dede0c\"><style>.stk-5dede0c .stk-img-wrapper{height:600px !important;}.stk-5dede0c .stk-img-wrapper img{object-position:48% 68% !important;object-fit:cover !important;}@media screen and (max-width:999px){.stk-5dede0c .stk-img-wrapper{height:500px !important;}}@media screen and (max-width:689px){.stk-5dede0c .stk-img-wrapper{height:300px !important;}}<\/style><figure><span class=\"stk-img-wrapper stk-image--shape-stretch\"><img loading=\"lazy\" decoding=\"async\" class=\"stk-img wp-image-2652\" src=\"https:\/\/vietnamese-in-kentucky.org\/wp-content\/uploads\/2025\/04\/open-book-vietnamese-copy.webp\" width=\"1600\" height=\"1074\" alt=\"Family engaging in traditional Tet New Year celebrations in Hanoi, showcasing cultural traditions.\" srcset=\"https:\/\/vietnamese-in-kentucky.org\/wp-content\/uploads\/2025\/04\/open-book-vietnamese-copy.webp 1600w, https:\/\/vietnamese-in-kentucky.org\/wp-content\/uploads\/2025\/04\/open-book-vietnamese-copy-300x201.webp 300w, https:\/\/vietnamese-in-kentucky.org\/wp-content\/uploads\/2025\/04\/open-book-vietnamese-copy-1024x687.webp 1024w, https:\/\/vietnamese-in-kentucky.org\/wp-content\/uploads\/2025\/04\/open-book-vietnamese-copy-768x516.webp 768w, https:\/\/vietnamese-in-kentucky.org\/wp-content\/uploads\/2025\/04\/open-book-vietnamese-copy-1536x1031.webp 1536w, https:\/\/vietnamese-in-kentucky.org\/wp-content\/uploads\/2025\/04\/open-book-vietnamese-copy-18x12.webp 18w\" sizes=\"auto, (max-width: 1600px) 100vw, 1600px\" \/><\/span><\/figure><\/div>\n<\/div><\/div>\n\n\n\n<div class=\"wp-block-uagb-container uagb-block-4d71dc2e alignfull uagb-is-root-container\"><div class=\"uagb-container-inner-blocks-wrap\">\n<div class=\"wp-block-group is-nowrap is-layout-flex wp-container-core-group-is-layout-6c531013 wp-block-group-is-layout-flex\">\n<div class=\"wp-block-stackable-image stk-block-image stk-block stk-b6cf0db\" data-block-id=\"b6cf0db\"><style>.stk-b6cf0db .stk-img-wrapper{height:600px !important;}.stk-b6cf0db .stk-img-wrapper img{object-position:48% 68% !important;object-fit:cover !important;}@media screen and (max-width:999px){.stk-b6cf0db .stk-img-wrapper{height:500px !important;}}@media screen and (max-width:689px){.stk-b6cf0db .stk-img-wrapper{height:300px !important;}}<\/style><figure><span class=\"stk-img-wrapper stk-image--shape-stretch\"><img loading=\"lazy\" decoding=\"async\" class=\"stk-img wp-image-2652\" src=\"https:\/\/vietnamese-in-kentucky.org\/wp-content\/uploads\/2025\/04\/open-book-vietnamese-copy.webp\" width=\"1600\" height=\"1074\" alt=\"Family engaging in traditional Tet New Year celebrations in Hanoi, showcasing cultural traditions.\" srcset=\"https:\/\/vietnamese-in-kentucky.org\/wp-content\/uploads\/2025\/04\/open-book-vietnamese-copy.webp 1600w, https:\/\/vietnamese-in-kentucky.org\/wp-content\/uploads\/2025\/04\/open-book-vietnamese-copy-300x201.webp 300w, https:\/\/vietnamese-in-kentucky.org\/wp-content\/uploads\/2025\/04\/open-book-vietnamese-copy-1024x687.webp 1024w, https:\/\/vietnamese-in-kentucky.org\/wp-content\/uploads\/2025\/04\/open-book-vietnamese-copy-768x516.webp 768w, https:\/\/vietnamese-in-kentucky.org\/wp-content\/uploads\/2025\/04\/open-book-vietnamese-copy-1536x1031.webp 1536w, https:\/\/vietnamese-in-kentucky.org\/wp-content\/uploads\/2025\/04\/open-book-vietnamese-copy-18x12.webp 18w\" sizes=\"auto, (max-width: 1600px) 100vw, 1600px\" \/><\/span><\/figure><\/div>\n<\/div>\n\n\n\n<div class=\"wp-block-uagb-container uagb-block-04849af8\">\n<div class=\"wp-block-uagb-advanced-heading uagb-block-7360d0ee\"><h2 class=\"uagb-heading-text\">Ti\u1ebfng N\u00f3i L\u01b0u Vong<\/h2><\/div>\n\n\n\n<p>Ti\u1ebfng N\u00f3i L\u01b0u Vong l\u00e0 m\u1ed9t d\u1ef1 \u00e1n l\u1ecbch s\u1eed truy\u1ec1n mi\u1ec7ng t\u1eebng \u0111o\u1ea1t gi\u1ea3i th\u01b0\u1edfng, t\u1ea1o \u0111\u01b0\u1ee3c s\u1ef1 ch\u00fa \u00fd c\u1ee7a nhi\u1ec1u ng\u01b0\u1eddi v\u1ec1 nh\u1eefng kinh nghi\u1ec7m c\u1ee7a ng\u01b0\u1eddi Vi\u1ec7t Nam t\u1ea1i Louisville, Kentucky, v\u00e0 v\u00f9ng ph\u1ee5 c\u1eadn. Ti\u1ebfng N\u00f3i L\u01b0u Vong thu th\u1eadp, l\u01b0u gi\u1eef, v\u00e0 chia s\u1ebb g\u00f3c nh\u00ecn c\u1ee7a ng\u01b0\u1eddi M\u1ef9 g\u1ed1c Vi\u1ec7t qua nh\u1eefng chuy\u1ec7n k\u1ec3, nh\u1eb1m ph\u1ee5c v\u1ee5 l\u1ee3i \u00edch c\u1ee7a c\u00f4ng ch\u00fang, c\u00e1c h\u1ecdc gi\u1ea3, v\u00e0 c\u00e1c th\u1ebf h\u1ec7 t\u01b0\u01a1ng lai.<\/p>\n\n\n\n<p>Ti\u1ebfng N\u00f3i L\u01b0u Vong kh\u1edfi \u0111\u1ea7u v\u00e0o n\u0103m 2009 t\u1eeb m\u1ed9t \u00fd ki\u1ebfn c\u1ee7a b\u00e0 V\u0103n Tr\u1ea7n, m\u1ed9t doanh nh\u00e2n \u1edf Louisville v\u00e0 c\u0169ng l\u00e0 m\u1ed9t ng\u01b0\u1eddi t\u1ef5 n\u1ea1n Vi\u1ec7t Nam. V\u1edbi s\u1ef1 h\u1ed7 tr\u1ee3 c\u1ee7a Crane House\u00a0\u2013\u00a0Asia Institute, m\u1ed9t s\u1ed1 b\u1ea1n tr\u1ebb ng\u01b0\u1eddi M\u1ef9 g\u1ed1c Vi\u1ec7t v\u00e0 kho\u1ea3n t\u00e0i tr\u1ee3 t\u1eeb ch\u00ednh quy\u1ec1n Th\u00e0nh Ph\u1ed1 Louisville, Ti\u1ebfng N\u00f3i L\u01b0u Vong \u0111\u00e3 tr\u1edf th\u00e0nh d\u1ef1 \u00e1n l\u1ecbch s\u1eed truy\u1ec1n mi\u1ec7ng \u0111\u1ea7u ti\u00ean t\u1eadp trung ho\u00e0n to\u00e0n v\u00e0o m\u1ed9t c\u1ed9ng \u0111\u1ed3ng \u00c1 Ch\u00e2u t\u1ea1i Kentucky. N\u0103m 2011, H\u1ed9i L\u1ecbch s\u1eed Kentucky (Kentucky Historical Society) \u0111\u00e3 vinh danh Ti\u1ebfng N\u00f3i L\u01b0u Vong b\u1eb1ng gi\u1ea3i th\u01b0\u1edfng gi\u00e1 tr\u1ecb mang t\u00ean Kentucky History Award. N\u0103m 2014, Ti\u1ebfng N\u00f3i L\u01b0u Vong b\u1eaft \u0111\u1ea7u quan h\u1ec7 h\u1ee3p t\u00e1c v\u1edbi C\u1ed9ng \u0111\u1ed3ng Ng\u01b0\u1eddi Vi\u1ec7t t\u1ea1i Louisville.<\/p>\n<\/div>\n<\/div><\/div>\n\n\n\n<p><\/p>","protected":false},"excerpt":{"rendered":"<p>About Moving Voices Moving Voices is an award-winning oral history project that brings attention to the experiences of Vietnamese Americans in and around Louisville, Kentucky. The mission of Moving Voices is to collect, preserve, and share the Vietnamese American perspective through storytelling for the benefit of the public, academia, and future generations. Moving Voices started [&hellip;]<\/p>","protected":false},"author":1,"featured_media":0,"parent":0,"menu_order":0,"comment_status":"closed","ping_status":"closed","template":"","meta":{"_uag_custom_page_level_css":"","footnotes":""},"class_list":["post-2618","page","type-page","status-publish","hentry"],"blocksy_meta":{"content_style_source":"inherit","vertical_spacing_source":"custom","content_area_spacing":"none","styles_descriptor":{"styles":{"desktop":"","tablet":"","mobile":""},"google_fonts":[],"version":6}},"aioseo_notices":[],"uagb_featured_image_src":{"full":false,"thumbnail":false,"medium":false,"medium_large":false,"large":false,"1536x1536":false,"2048x2048":false,"trp-custom-language-flag":false},"uagb_author_info":{"display_name":"aprilfultz@gmail.com","author_link":"https:\/\/vietnamese-in-kentucky.org\/vi\/author\/aprilfultzgmail-com\/"},"uagb_comment_info":0,"uagb_excerpt":"About Moving Voices Moving Voices is an award-winning oral history project that brings attention to the experiences of Vietnamese Americans in and around Louisville, Kentucky. The mission of Moving Voices is to collect, preserve, and share the Vietnamese American perspective through storytelling for the benefit of the public, academia, and future generations. Moving Voices started&hellip;","_links":{"self":[{"href":"https:\/\/vietnamese-in-kentucky.org\/vi\/wp-json\/wp\/v2\/pages\/2618","targetHints":{"allow":["GET"]}}],"collection":[{"href":"https:\/\/vietnamese-in-kentucky.org\/vi\/wp-json\/wp\/v2\/pages"}],"about":[{"href":"https:\/\/vietnamese-in-kentucky.org\/vi\/wp-json\/wp\/v2\/types\/page"}],"author":[{"embeddable":true,"href":"https:\/\/vietnamese-in-kentucky.org\/vi\/wp-json\/wp\/v2\/users\/1"}],"replies":[{"embeddable":true,"href":"https:\/\/vietnamese-in-kentucky.org\/vi\/wp-json\/wp\/v2\/comments?post=2618"}],"version-history":[{"count":11,"href":"https:\/\/vietnamese-in-kentucky.org\/vi\/wp-json\/wp\/v2\/pages\/2618\/revisions"}],"predecessor-version":[{"id":2655,"href":"https:\/\/vietnamese-in-kentucky.org\/vi\/wp-json\/wp\/v2\/pages\/2618\/revisions\/2655"}],"wp:attachment":[{"href":"https:\/\/vietnamese-in-kentucky.org\/vi\/wp-json\/wp\/v2\/media?parent=2618"}],"curies":[{"name":"wp","href":"https:\/\/api.w.org\/{rel}","templated":true}]}}